{"id":1995,"date":"2023-11-22T16:40:09","date_gmt":"2023-11-22T20:40:09","guid":{"rendered":"https:\/\/oranje.io\/politique-temoins\/"},"modified":"2024-02-07T12:53:29","modified_gmt":"2024-02-07T16:53:29","slug":"cookie-policies","status":"publish","type":"page","link":"https:\/\/oranje.io\/en\/cookie-policies\/","title":{"rendered":"Cookie policies"},"content":{"rendered":"<p>La pr\u00e9sente politique en mati\u00e8re de t\u00e9moins est destin\u00e9e \u00e0 fournir aux visiteurs de notre site Web des informations sur les technologies utilis\u00e9es et sur la fa\u00e7on dont ils peuvent g\u00e9rer les t\u00e9moins de mani\u00e8re \u00e9clair\u00e9e.<\/p>\n<p><b>Qu'est-ce qu'un t\u00e9moin (\u00ab cookie \u00bb)?<\/b><\/p>\n<p>Chaque fois que vous visitez notre site Web, nous pla\u00e7ons des t\u00e9moins sur votre appareil pour diff\u00e9rentes raisons. Un t\u00e9moin, aussi parfois appel\u00e9 \u00ab cookie \u00bb, est un petit fichier texte qui est t\u00e9l\u00e9charg\u00e9 et stock\u00e9 sur votre ordinateur, appareil mobile ou appareil similaire et qui contient des informations sur votre navigation sur le site Web. Les t\u00e9moins peuvent notamment \u00eatre utilis\u00e9s pour suivre les pages que vous visitez sur le site Web ainsi qu'enregistrer les informations que vous avez saisies ou vos pr\u00e9f\u00e9rences m\u00e9moris\u00e9es, telles que les param\u00e8tres de langue.<\/p>\n<p><b>Pourquoi les utilisons-nous?<\/b><\/p>\n<p>Nous utilisons des t\u00e9moins pour vous offrir toutes les fonctionnalit\u00e9s du site Web, personnaliser votre exp\u00e9rience utilisateur, effectuer des analyses et am\u00e9liorer nos services. Les t\u00e9moins sont \u00e9galement utilis\u00e9s pour diffuser des publicit\u00e9s personnalis\u00e9es sur nos sites Web, applications et cyberlettres sur Internet et par l'entremise des plateformes de m\u00e9dias sociaux, afin d\u2019obtenir des informations concernant, par exemple, le nombre de personnes qui cliquent sur l'une de nos publicit\u00e9s diffus\u00e9es sur les r\u00e9seaux sociaux pour visiter une page de notre site Web. Les informations sont utilis\u00e9es pour mesurer et optimiser la publicit\u00e9 dans les m\u00e9dias sociaux.<\/p>\n<p><b>Qui est responsable du placement des t\u00e9moins sur notre site Web?<\/b><\/p>\n<p>Tous les t\u00e9moins ont un \u00e9diteur qui vous indique \u00e0 qui ils appartiennent. Certains sont plac\u00e9s sur les sites Web par nos soins et sont alors appel\u00e9s \u00ab t\u00e9moins propres \u00bb, tandis que d'autres sont plac\u00e9s par une autre organisation avec notre autorisation et sont appel\u00e9s \u00ab t\u00e9moins tiers \u00bb.<\/p>\n<p><b>Combien de temps les t\u00e9moins sont-ils stock\u00e9s?<\/b><\/p>\n<p>Les dur\u00e9es de conservation sont variables sur votre navigateur ou votre appareil. Les t\u00e9moins temporaires, appel\u00e9s t\u00e9moins de session, sont stock\u00e9s dans votre appareil jusqu'\u00e0 ce que vous fermiez votre navigateur. Les t\u00e9moins permanents ont une date d'expiration et lorsque cette date est pass\u00e9e, le t\u00e9moin est supprim\u00e9 lorsque vous revenez sur le site Web qui l'a cr\u00e9\u00e9.<\/p>\n<p><b>Quels types de t\u00e9moins utilisons-nous?<\/b><\/p>\n<p>Nous utilisons quatre cat\u00e9gories de t\u00e9moins, soit les t\u00e9moins strictement n\u00e9cessaires, les t\u00e9moins de statistiques, les t\u00e9moins de pr\u00e9f\u00e9rences et les t\u00e9moins marketing. Seules les trois derni\u00e8res cat\u00e9gories mentionn\u00e9es exigent le consentement de l'utilisateur. En effet, dans le cas des t\u00e9moins strictement n\u00e9cessaires, aucun consentement n'est requis, car ces derniers permettent l'affichage complet et continu du contenu du site Web, ce qui vous permet d'acc\u00e9der au site Web et de profiter d'une exp\u00e9rience de navigation en ligne convenable.<\/p>\n<p>Comment puis-je g\u00e9rer mes pr\u00e9f\u00e9rences de consentement dans les \u00ab Autorisations personnalis\u00e9es \u00bb?<\/p>\n<p>Vos pr\u00e9f\u00e9rences de consentement en mati\u00e8re de t\u00e9moins peuvent \u00eatre g\u00e9r\u00e9es en cliquant sur le bouton \u00ab D\u00e9finir des autorisations personnalis\u00e9es \u00bb de la fen\u00eatre modale. Vous pouvez accepter les trois cat\u00e9gories de t\u00e9moins ou une seule d'entre elles si vous le souhaitez. En acceptant une cat\u00e9gorie de t\u00e9moins, vous acceptez tous les t\u00e9moins de cette cat\u00e9gorie (voir la liste d\u00e9taill\u00e9e des t\u00e9moins ci-dessous). Vous pouvez modifier vos pr\u00e9f\u00e9rences et refuser les t\u00e9moins \u00e0 tout moment dans les Param\u00e8tres des t\u00e9moins. Vous trouverez ci-dessous des informations plus d\u00e9taill\u00e9es sur nos cat\u00e9gories de t\u00e9moins ainsi qu'une liste de tous les t\u00e9moins utilis\u00e9s dans cette cat\u00e9gorie.<\/p>\n<p><b>- T\u00e9moins strictement n\u00e9cessaires.<\/b> Il s'agit de t\u00e9moins n\u00e9cessaires au fonctionnement de notre site web. Ils comprennent, par exemple, les t\u00e9moins qui permettent aux visiteurs du site web de se connecter \u00e0 des zones s\u00e9curis\u00e9es de notre site web, d'utiliser un panier d'achat ou de recourir \u00e0 des services de facturation en ligne.<\/p>\n<p>-wp-wpml_current_language<br \/>\nExpiration: Session<br \/>\nDescription: This cookie is used to track the language preference fo the user<\/p>\n<p>-__cf_bm<br \/>\nExpiration: 1 hours<br \/>\nDescription: Read and filter requests from bots.<\/p>\n<p>-illow-consent<br \/>\nExpiration: Session<br \/>\nDescription: This cookie is used to keep track of a given consent in the platform<\/p>\n<p><b>- T\u00e9moins de statistiques.<\/b> Ils nous permettent de reconna\u00eetre et de compter le nombre de visiteurs et de voir comment les visiteurs se d\u00e9placent sur notre site web lorsqu'ils l'utilisent. Cela nous aide \u00e0 am\u00e9liorer le fonctionnement de notre site web, par exemple en veillant \u00e0 ce que les utilisateurs trouvent facilement ce qu'ils cherchent.<\/p>\n<p>-uChIewQz_B<br \/>\nExpiration: 1 days<\/p>\n<p>-JZC-AHFsGM<br \/>\nExpiration: 1 days<\/p>\n<p>-__hssrc<br \/>\nExpiration: Session<br \/>\nDescription: to store a unique session ID.<\/p>\n<p>-__hssc<br \/>\nExpiration: 1 hours<br \/>\nDescription: to store anonymized statistics.<\/p>\n<p>-__lm<br \/>\nExpiration: Session<\/p>\n<p><b>- T\u00e9moins de pr\u00e9f\u00e9rences.<\/b> Ils sont utilis\u00e9s pour reconna\u00eetre les utilisateurs lorsqu'ils reviennent sur notre site web. Cela nous permet de personnaliser notre contenu et de nous souvenir de leurs pr\u00e9f\u00e9rences (par exemple, leur choix de langue ou de r\u00e9gion).<\/p>\n<p>-__hstc<br \/>\nExpiration: 180 days<br \/>\nDescription: To store time of visit.<\/p>\n<p>-hubspotutk<br \/>\nExpiration: 180 days<br \/>\nDescription: to store and track a visitor's identity.<\/p>\n<p><b>- T\u00e9moins de marketing.<\/b> Ces t\u00e9moins enregistrent les visites des utilisateurs sur notre site web, les pages qu'ils ont visit\u00e9es et les liens qu'ils ont suivis. Nous utiliserons ces informations pour rendre notre site web et la publicit\u00e9 qui y est affich\u00e9e plus pertinents par rapport aux int\u00e9r\u00eats de nos visiteurs.<\/p>\n<p>Si vous pr\u00e9f\u00e9rez ne pas utiliser de t\u00e9moins sur votre appareil, vous pouvez d\u00e9sactiver chaque cat\u00e9gorie de t\u00e9moins en les cochant dans les \u00ab Autorisations personnalis\u00e9es \u00bb. Veuillez noter que ces modifications ou choix peuvent avoir des cons\u00e9quences sur les fonctionnalit\u00e9s du site Web et que vous ne pourrez peut-\u00eatre pas profiter d'offres ou de publicit\u00e9s personnalis\u00e9es.<\/p>\n<p>Outre le retrait de votre consentement, vous pouvez facilement emp\u00eacher votre navigateur d'accepter les t\u00e9moins en configurant les param\u00e8tres de votre navigateur relatifs aux t\u00e9moins. Tous les navigateurs Web commerciaux sont dot\u00e9s d'une fonctionnalit\u00e9 de gestion des t\u00e9moins. Veuillez v\u00e9rifier dans votre navigateur Web comment supprimer ou d\u00e9sactiver les t\u00e9moins, etc.<\/p>\n<p>Si vous choisissez \u00ab Accepter tout \u00bb, vous consentez \u00e0 toutes les cat\u00e9gories de t\u00e9moins et acceptez que nous communiquions vos informations \u00e0 des tiers, notamment nos partenaires publicitaires. Si vous choisissez \u00ab Uniquement les t\u00e9moins n\u00e9cessaires \u00bb, aucun autre t\u00e9moin ne sera plac\u00e9 sur votre appareil. Vous pouvez en tout temps d\u00e9sactiver les t\u00e9moins qui ne sont pas class\u00e9s comme strictement n\u00e9cessaires au fonctionnement du site en retirant votre consentement.<\/p>\n<p><b>Des questions?<\/b><\/p>\n<p>Si vous avez des questions sur le traitement des donn\u00e9es personnelles, nous vous invitons \u00e0 prendre connaissance de notre <a href=\"https:\/\/oranje.io\/politiques-confidentialite\/\">Politique de confidentialit\u00e9<\/a>, o\u00f9 vous trouverez \u00e9galement nos coordonn\u00e9es<\/p>\n","protected":false},"excerpt":{"rendered":"<p>La pr\u00e9sente politique en mati\u00e8re de t\u00e9moins est destin\u00e9e \u00e0 fournir aux visiteurs de notre site Web des informations sur les technologies utilis\u00e9es et sur la fa\u00e7on dont ils peuvent g\u00e9rer les t\u00e9moins de mani\u00e8re \u00e9clair\u00e9e. Qu'est-ce qu'un t\u00e9moin (\u00ab cookie \u00bb)? Chaque fois que vous visitez notre site Web, nous pla\u00e7ons des t\u00e9moins sur [&hellip;]<\/p>\n","protected":false},"author":1,"featured_media":0,"parent":0,"menu_order":0,"comment_status":"closed","ping_status":"closed","template":"","meta":{"_acf_changed":false,"_seopress_robots_primary_cat":"","_seopress_titles_title":"Web Cookie Policies: Understand &amp; Control Your Data","_seopress_titles_desc":"Read our comprehensive guide on web cookies. Learn how they work, manage your preferences, and safeguard and gain control on your online experience.","_seopress_robots_index":"","content-type":"","footnotes":""},"class_list":["post-1995","page","type-page","status-publish","hentry"],"acf":[],"_links":{"self":[{"href":"https:\/\/oranje.io\/en\/wp-json\/wp\/v2\/pages\/1995","targetHints":{"allow":["GET"]}}],"collection":[{"href":"https:\/\/oranje.io\/en\/wp-json\/wp\/v2\/pages"}],"about":[{"href":"https:\/\/oranje.io\/en\/wp-json\/wp\/v2\/types\/page"}],"author":[{"embeddable":true,"href":"https:\/\/oranje.io\/en\/wp-json\/wp\/v2\/users\/1"}],"replies":[{"embeddable":true,"href":"https:\/\/oranje.io\/en\/wp-json\/wp\/v2\/comments?post=1995"}],"version-history":[{"count":1,"href":"https:\/\/oranje.io\/en\/wp-json\/wp\/v2\/pages\/1995\/revisions"}],"predecessor-version":[{"id":1996,"href":"https:\/\/oranje.io\/en\/wp-json\/wp\/v2\/pages\/1995\/revisions\/1996"}],"wp:attachment":[{"href":"https:\/\/oranje.io\/en\/wp-json\/wp\/v2\/media?parent=1995"}],"curies":[{"name":"wp","href":"https:\/\/api.w.org\/{rel}","templated":true}]}}