{"id":2000,"date":"2021-05-14T10:53:32","date_gmt":"2021-05-14T14:53:32","guid":{"rendered":"https:\/\/oranje.io\/politiques-confidentialite\/"},"modified":"2024-02-07T12:56:45","modified_gmt":"2024-02-07T16:56:45","slug":"privacy-policy","status":"publish","type":"page","link":"https:\/\/oranje.io\/en\/privacy-policy\/","title":{"rendered":"Privacy Policy"},"content":{"rendered":"<p><strong>September 1st, 2023<\/strong><\/p>\n<p><strong>Act respecting the protection of personal information<\/strong><\/p>\n<p>Name of person in charge: Julien Savoie<br \/>\nTitle: PDG \/ CEO<br \/>\nEmail: <a href='mailto:julien@oranje.io'>julien@oranje.io<\/a><\/p>\n<p>Oranje (\"us\", \"we\", \"our\") operates the <a href='https:\/\/oranje.io\/en\/'>https:\/\/oranje.io\/en\/<\/a> website (hereinafter referred to as the \"Service\"). This page explains our policies regarding the collection, use and disclosure of personal data when you use our Service and the choices you have regarding such data. We use your data to provide and improve the Service. By using the Service, you consent to the collection and use of information in accordance with this policy. Unless otherwise defined in this Privacy Policy, terms used in this Privacy Policy have the same meaning as in our Terms and Conditions, which are available at <a href='https:\/\/oranje.io\/en\/'>https:\/\/oranje.io\/en\/<\/a>.<\/p>\n<p><strong>DEFINITIONS<\/strong><br \/>\n<strong>Service<\/strong><br \/>\nService refers to the <a href='https:\/\/oranje.io\/en\/'>https:\/\/oranje.io\/en\/<\/a> operated by Oranje.<\/p>\n<p><strong>Personal Data<\/strong><br \/>\nPersonal Data means data relating to a living individual who can be identified from such data (or from such data and other information in our possession or likely to come into our possession).<\/p>\n<p><strong>Usage Data<\/strong><br \/>\nUsage Data is collected automatically and is generated either by use of the Service, or by the Service infrastructure itself (e.g. how long a page is viewed).<\/p>\n<p><strong>Cookies<\/strong><br \/>\nTo learn more, visit our <a href=\"\/en\/cookie-policy\/\">Cookie Policy.<\/a><\/p>\n<p><strong>DATA COLLECTION AND USE<\/strong><br \/>\nWe collect several types of data for different purposes in order to provide you with our Service and to improve it.<\/p>\n<p><strong>Types of data collected<\/strong><br \/>\n<strong>Personal data<\/strong><br \/>\nPersonal Data means data relating to a living individual who can be identified from that data (or from that data and other information in our possession or likely to come into our possession). When you use our Service and\/or complete a contact\/service form, we may ask you to provide us with certain personally identifiable information that can be used to contact or identify you (\"Personal Information\"). Nominative Personal Data may include, but is not limited to:<\/p>\n<p>{{collecte_donnees_politiques}}<\/p>\n<p><strong>Data communication<\/strong><br \/>\n<strong>Legal requirements<\/strong><br \/>\nOranje may disclose your Personal Data if it believes in good faith that this is necessary to:<\/p>\n<ul>\n<li>Fulfill a legal obligation Protect and defend the rights or property of Oranje<\/li>\n<li>Prevent or investigate possible wrongdoing in connection with the Service<\/li>\n<li>Ensure the personal safety of Service users or the public<\/li>\n<li>Protect against civil liability.<\/li>\n<\/ul>\n<p><strong>Data security<\/strong><br \/>\nThe security of your data is important to us. However, please remember that no method of data transmission over the Internet or method of electronic storage is 100% secure. Although we strive to use commercially acceptable methods to protect your Personal Data, we cannot guarantee its absolute security.<\/p>\n<p><strong>Service providers<\/strong><br \/>\nWe may use third-party companies and individuals to facilitate the provision of our Service (\"Service Providers\"), to provide the Service on our behalf, to provide services related to the Service or to help us analyze how our Service is used. These third parties have access to your Personal Data only to perform these tasks on our behalf and are prohibited from disclosing or using it for any other purpose.<\/p>\n<p><strong>Analyses<\/strong><br \/>\nWe may use third-party Service Providers to monitor and analyze the use of our Service.<\/p>\n<p><strong>Google Analytics<\/strong><br \/>\nGoogle Analytics is a web analytics service provided by Google that tracks and reports website traffic. Google uses the collected data to track and monitor the use of our Service. This data is shared with other Google services. Google may use the data collected to contextualize and personalize ads on its own advertising network. You can prevent your activities within the Service from being made available to Google Analytics by installing the Google Analytics Opt out browser add-on. This plug-in prevents the Google Analytics JavaScript code (ga.js, analytics.js and dc.js) from sharing information about visit-related activities with Google Analytics. For more information on Google's privacy practices, please visit Google's Privacy Policy and Terms.<\/p>\n<p><strong>Behavioral remarketing<\/strong><br \/>\nOranje uses remarketing services to show you ads on third-party sites after you have visited our Service. We and our third-party suppliers use cookies to shape, optimize and serve ads based on your previous use of our Service.<\/p>\n<p><strong>Google Ads<\/strong><br \/>\nThe Google Ads remarketing service is provided by Google Inc. You can opt-out of Google Analytics for Display Advertising and customize Google Display Network ads by visiting the Google Ads Settings page. Google also recommends that you install the Google Analytics Opt-out Browser Add-on plug-in in your web browser. The Google Analytics Opt-out Browser Add-on allows visitors to prevent Google Analytics from collecting and using their data. For more information on Google's privacy practices, please visit Google's Privacy Policy and Terms.<\/p>\n<p><strong>Links to other websites<\/strong><br \/>\nOur Service may contain links to other sites that we do not operate. If you click on a third-party link, you will be redirected to the site of that third party. We strongly recommend that you review the privacy policy of each site you visit. We have no control over, and accept no responsibility for, the content, privacy policies or practices of any third-party sites or services.<\/p>\n<p><strong>Children's privacy<\/strong><br \/>\nOur Service is not directed to persons under the age of 18 (\"Children\"). We do not knowingly collect personally identifiable information from persons under the age of 18. If you are a parent or guardian and you are aware that your Child has provided us with Personal Data, please contact us. If we learn that we have collected Personal Information from children without verifying parental consent, we will take steps to delete such information from our servers.<\/p>\n<p><strong>Changes to this Privacy Policy<\/strong><br \/>\nWe reserve the right to update our Privacy Policy from time to time. We will notify you of any changes by posting the new Privacy Policy on this page. We will update the \"effective date\" at the top of this Privacy Policy. You should check this Privacy Policy periodically for any changes. Changes to this Privacy Policy take effect when they are posted on this page.<\/p>\n<p><strong>How to contact us<\/strong><br \/>\nIf you have any questions about this Privacy Policy, please contact us : <a href='https:\/\/oranje.io\/en\/contact-us\/'>https:\/\/oranje.io\/en\/contact-us\/<\/a>.<\/p>\n<p>If you have to report a privacy incident, please complete the following form.<\/p>\n<div class='fluentform ff-default fluentform_wrapper_9 ffs_default_wrap'><form data-form_id=\"9\" id=\"fluentform_9\" class=\"frm-fluent-form fluent_form_9 ff-el-form-top ff_form_instance_9_1 ff-form-loading ff_has_v3_recptcha ffs_default\" data-form_instance=\"ff_form_instance_9_1\" method=\"POST\" data-recptcha_key=\"6LeAkr4qAAAAAKfT2NQijMzZoAmpGV3UxETMkjI6\" ><fieldset  style=\"border: none!important;margin: 0!important;padding: 0!important;background-color: transparent!important;box-shadow: none!important;outline: none!important; min-inline-size: 100%;\">\n                    <legend class=\"ff_screen_reader_title\" style=\"display: block; margin: 0!important;padding: 0!important;height: 0!important;text-indent: -999999px;width: 0!important;overflow:hidden;\">Incident de confidentialit\u00e9<\/legend>        <span style=\"display: none !important;\"><input type=\"checkbox\"\n                name=\"item__9__fluent_checkme_\"\n                value=\"1\" style=\"display:none !important;\" tabindex=\"-1\" aria-hidden=\"true\"><\/span>\n        <input type='hidden' name='__fluent_form_embded_post_id' value='2000' \/><input type=\"hidden\" id=\"_fluentform_9_fluentformnonce\" name=\"_fluentform_9_fluentformnonce\" value=\"abbdd9d530\" \/><input type=\"hidden\" name=\"_wp_http_referer\" value=\"\/en\/wp-json\/wp\/v2\/pages\/2000\" \/><div data-type=\"name-element\" data-name=\"names\" class=\" ff-field_container ff-name-field-wrapper\" ><div class='ff-t-container'><div class='ff-t-cell '><div class='ff-el-group  ff-el-form-top'><div class=\"ff-el-input--label ff-el-is-required asterisk-right\"><label for='ff_9_names_first_name_' aria-label=\"Pr\u00e9nom\">Pr\u00e9nom<\/label><\/div><div class='ff-el-input--content'><input type=\"text\" name=\"names[first_name]\" id=\"ff_9_names_first_name_\" class=\"ff-el-form-control\" aria-invalid=\"false\" aria-required=true><\/div><\/div><\/div><div class='ff-t-cell '><div class='ff-el-group  ff-el-form-top'><div class=\"ff-el-input--label ff-el-is-required asterisk-right\"><label for='ff_9_names_last_name_' aria-label=\"Nom\">Nom<\/label><\/div><div class='ff-el-input--content'><input type=\"text\" name=\"names[last_name]\" id=\"ff_9_names_last_name_\" class=\"ff-el-form-control\" aria-invalid=\"false\" aria-required=true><\/div><\/div><\/div><\/div><\/div><div class='ff-el-group'><div class=\"ff-el-input--label ff-el-is-required asterisk-right\"><label for='ff_9_email' aria-label=\"Courriel\">Courriel<\/label><\/div><div class='ff-el-input--content'><input type=\"email\" name=\"email\" id=\"ff_9_email\" class=\"ff-el-form-control\" data-name=\"email\"  aria-invalid=\"false\" aria-required=true><\/div><\/div><div class='ff-el-group'><div class=\"ff-el-input--label ff-el-is-required asterisk-right\"><label for='ff_9_datetime' aria-label=\"Date de l&#039;incident\">Date de l'incident<\/label><\/div><div class='ff-el-input--content'><input data-type-datepicker data-format='d\/m\/Y' type=\"text\" name=\"datetime\" id=\"ff_9_datetime\" class=\"ff-el-form-control ff-el-datepicker\" data-name=\"datetime\"  aria-invalid='false' aria-required=true><\/div><\/div><div class='ff-el-group'><div class=\"ff-el-input--label ff-el-is-required asterisk-right\"><label  aria-label=\"Types de renseignements personnels affect\u00e9s\">Types de renseignements personnels affect\u00e9s<\/label><\/div><div class='ff-el-input--content'><div class='ff-el-form-check ff-el-form-check-'><label class='ff-el-form-check-label' for=checkbox_a1ad2665775a25a54dd2f16450ac0266><input  type=\"checkbox\" name=\"checkbox[]\" data-name=\"checkbox\" class=\"ff-el-form-check-input ff-el-form-check-checkbox\" value=\"Nom\"  id='checkbox_a1ad2665775a25a54dd2f16450ac0266' aria-label='Nom' aria-invalid='false' aria-required=true> <span>Nom<\/span><\/label><\/div><div class='ff-el-form-check ff-el-form-check-'><label class='ff-el-form-check-label' for=checkbox_a7e4019167db39c4b3b8ada8d1fc8bd6><input  type=\"checkbox\" name=\"checkbox[]\" data-name=\"checkbox\" class=\"ff-el-form-check-input ff-el-form-check-checkbox\" value=\"Num\u00e9ro de t\u00e9l\u00e9phone\"  id='checkbox_a7e4019167db39c4b3b8ada8d1fc8bd6' aria-label='Num\u00e9ro de t\u00e9l\u00e9phone' aria-invalid='false' aria-required=true> <span>Num\u00e9ro de t\u00e9l\u00e9phone<\/span><\/label><\/div><div class='ff-el-form-check ff-el-form-check-'><label class='ff-el-form-check-label' for=checkbox_7f6d5532ec6462e0be11f442c9db7851><input  type=\"checkbox\" name=\"checkbox[]\" data-name=\"checkbox\" class=\"ff-el-form-check-input ff-el-form-check-checkbox\" value=\"Adresse courriel\"  id='checkbox_7f6d5532ec6462e0be11f442c9db7851' aria-label='Adresse courriel' aria-invalid='false' aria-required=true> <span>Adresse courriel<\/span><\/label><\/div><div class='ff-el-form-check ff-el-form-check-'><label class='ff-el-form-check-label' for=checkbox_67b5434ca1a41554b48b1076e5ccc5bd><input  type=\"checkbox\" name=\"checkbox[]\" data-name=\"checkbox\" class=\"ff-el-form-check-input ff-el-form-check-checkbox\" value=\"Autre\"  id='checkbox_67b5434ca1a41554b48b1076e5ccc5bd' aria-label='Autre' aria-invalid='false' aria-required=true> <span>Autre<\/span><\/label><\/div><\/div><\/div><div class='ff-el-group'><div class=\"ff-el-input--label ff-el-is-required asterisk-right\"><label  aria-label=\"Type d&#039;incident\">Type d'incident<\/label><\/div><div class='ff-el-input--content'><div class='ff-el-form-check ff-el-form-check-'><label class='ff-el-form-check-label' for=checkbox_1_7bc67e3def4978a9161d41c47a3087a5><input  type=\"checkbox\" name=\"checkbox_1[]\" data-name=\"checkbox_1\" class=\"ff-el-form-check-input ff-el-form-check-checkbox\" value=\"Acc\u00e8s non autoris\u00e9 par un(des) acteur(s) malveillant(s) ou potentiellement malveillant(s)\"  id='checkbox_1_7bc67e3def4978a9161d41c47a3087a5' aria-label='Acc\u00e8s non autoris\u00e9 par un(des) acteur(s) malveillant(s) ou potentiellement malveillant(s)' aria-invalid='false' aria-required=true> <span>Acc\u00e8s non autoris\u00e9 par un(des) acteur(s) malveillant(s) ou potentiellement malveillant(s)<\/span><\/label><\/div><div class='ff-el-form-check ff-el-form-check-'><label class='ff-el-form-check-label' for=checkbox_1_d7855b9a1da066595947a4c470cb72f0><input  type=\"checkbox\" name=\"checkbox_1[]\" data-name=\"checkbox_1\" class=\"ff-el-form-check-input ff-el-form-check-checkbox\" value=\"Divulgation accidentelle (. ex communication mal adress\u00e9e, renseignement accidentellement mal s\u00e9curis\u00e9)\"  id='checkbox_1_d7855b9a1da066595947a4c470cb72f0' aria-label='Divulgation accidentelle (. ex communication mal adress\u00e9e, renseignement accidentellement mal s\u00e9curis\u00e9)' aria-invalid='false' aria-required=true> <span>Divulgation accidentelle (. ex communication mal adress\u00e9e, renseignement accidentellement mal s\u00e9curis\u00e9)<\/span><\/label><\/div><div class='ff-el-form-check ff-el-form-check-'><label class='ff-el-form-check-label' for=checkbox_1_98e8767575c2db56d5b6de4c2807e68f><input  type=\"checkbox\" name=\"checkbox_1[]\" data-name=\"checkbox_1\" class=\"ff-el-form-check-input ff-el-form-check-checkbox\" value=\"Perte de dispositif physiques ou de dossiers papier contenant des renseignements personnels\"  id='checkbox_1_98e8767575c2db56d5b6de4c2807e68f' aria-label='Perte de dispositif physiques ou de dossiers papier contenant des renseignements personnels' aria-invalid='false' aria-required=true> <span>Perte de dispositif physiques ou de dossiers papier contenant des renseignements personnels<\/span><\/label><\/div><div class='ff-el-form-check ff-el-form-check-'><label class='ff-el-form-check-label' for=checkbox_1_221e367c089361f074f026abe06d3455><input  type=\"checkbox\" name=\"checkbox_1[]\" data-name=\"checkbox_1\" class=\"ff-el-form-check-input ff-el-form-check-checkbox\" value=\"Vol de dispositifs physiques ou dossiers papier contenant des renseignements personnels\"  id='checkbox_1_221e367c089361f074f026abe06d3455' aria-label='Vol de dispositifs physiques ou dossiers papier contenant des renseignements personnels' aria-invalid='false' aria-required=true> <span>Vol de dispositifs physiques ou dossiers papier contenant des renseignements personnels<\/span><\/label><\/div><div class='ff-el-form-check ff-el-form-check-'><label class='ff-el-form-check-label' for=checkbox_1_222ed3bb363ea8bab6489a5d8c33b9be><input  type=\"checkbox\" name=\"checkbox_1[]\" data-name=\"checkbox_1\" class=\"ff-el-form-check-input ff-el-form-check-checkbox\" value=\"Autre\"  id='checkbox_1_222ed3bb363ea8bab6489a5d8c33b9be' aria-label='Autre' aria-invalid='false' aria-required=true> <span>Autre<\/span><\/label><\/div><\/div><\/div><div class='ff-el-group'><div class=\"ff-el-input--label ff-el-is-required asterisk-right\"><label for='ff_9_description' aria-label=\"Description de toutes les organisations vis\u00e9es par l&#039;atteinte y compris leur r\u00f4le en ce qui a trait aux renseignements personnels en question\">Description de toutes les organisations vis\u00e9es par l'atteinte y compris leur r\u00f4le en ce qui a trait aux renseignements personnels en question<\/label><\/div><div class='ff-el-input--content'><textarea aria-invalid=\"false\" aria-required=true name=\"description\" id=\"ff_9_description\" class=\"ff-el-form-control\" rows=\"3\" cols=\"2\" data-name=\"description\" ><\/textarea><\/div><\/div><div class='ff-el-group'><div class=\"ff-el-input--label ff-el-is-required asterisk-right\"><label for='ff_9_description_1' aria-label=\"Comment et pourquoi l&#039;atteinte a eu lieu?\">Comment et pourquoi l'atteinte a eu lieu?<\/label><\/div><div class='ff-el-input--content'><textarea aria-invalid=\"false\" aria-required=true name=\"description_1\" id=\"ff_9_description_1\" class=\"ff-el-form-control\" rows=\"3\" cols=\"2\" data-name=\"description_1\" ><\/textarea><div class='ff-el-help-message'>Veuillez inclure quelques d\u00e9tails concernant l'atteinte y compris une description de la m\u00e9thode utilis\u00e9e lors de l'attaque si celle-ci s'est produite<\/div><\/div><\/div><div class='ff-el-group ff-el-form-hide_label'><div class=\"ff-el-input--label ff-el-is-required asterisk-right\"><label  aria-label=\"Condition\">Condition<\/label><\/div><div class='ff-el-input--content'><div class='ff-el-form-check ff-el-form-check-'><label class='ff-el-form-check-label' for=checkbox_2_a7c995ff81e7ecd483a4c62e5f1c56b4><input  type=\"checkbox\" name=\"checkbox_2[]\" data-name=\"checkbox_2\" class=\"ff-el-form-check-input ff-el-form-check-checkbox\" value=\"* Par la pr\u00e9sente, je consens d\u2019une fa\u00e7on libre et \u00e9clair\u00e9e, \u00e0 ce que tous les renseignements que j\u2019ai communiqu\u00e9s soient consign\u00e9s dans un dossier qui sera cr\u00e9\u00e9 \u00e0 propos de cet incident de confidentialit\u00e9 ou pour tout autre incident similaire. Je suis conscient que le dossier qui sera constitu\u00e9 sur l'incident sera accessible \u00e0 toutes personnes impliqu\u00e9es dans le processus d'enqu\u00eate s'y rattachant.\"  id='checkbox_2_a7c995ff81e7ecd483a4c62e5f1c56b4' aria-label='* Par la pr\u00e9sente, je consens d\u2019une fa\u00e7on libre et \u00e9clair\u00e9e, \u00e0 ce que tous les renseignements que j\u2019ai communiqu\u00e9s soient consign\u00e9s dans un dossier qui sera cr\u00e9\u00e9 \u00e0 propos de cet incident de confidentialit\u00e9 ou pour tout autre incident similaire. Je suis conscient que le dossier qui sera constitu\u00e9 sur l&#039;incident sera accessible \u00e0 toutes personnes impliqu\u00e9es dans le processus d&#039;enqu\u00eate s&#039;y rattachant.' aria-invalid='false' aria-required=true> <span>* Par la pr\u00e9sente, je consens d\u2019une fa\u00e7on libre et \u00e9clair\u00e9e, \u00e0 ce que tous les renseignements que j\u2019ai communiqu\u00e9s soient consign\u00e9s dans un dossier qui sera cr\u00e9\u00e9 \u00e0 propos de cet incident de confidentialit\u00e9 ou pour tout autre incident similaire. Je suis conscient que le dossier qui sera constitu\u00e9 sur l'incident sera accessible \u00e0 toutes personnes impliqu\u00e9es dans le processus d'enqu\u00eate s'y rattachant.<\/span><\/label><\/div><\/div><\/div><div class='ff-el-group ff-text-left ff_submit_btn_wrapper'><button type=\"submit\" class=\"ff-btn ff-btn-submit ff-btn-md ff_btn_style\" >Soumettre<\/button><\/div><\/fieldset><\/form><div id='fluentform_9_errors' class='ff-errors-in-stack ff_form_instance_9_1 ff-form-loading_errors ff_form_instance_9_1_errors'><\/div><\/div>        <script type=\"text\/javascript\">\n            window.fluent_form_ff_form_instance_9_1 = {\"id\":\"9\",\"settings\":{\"layout\":{\"labelPlacement\":\"top\",\"helpMessagePlacement\":\"under_input\",\"errorMessagePlacement\":\"inline\"},\"restrictions\":{\"denyEmptySubmission\":{\"enabled\":false}}},\"form_instance\":\"ff_form_instance_9_1\",\"form_id_selector\":\"fluentform_9\",\"rules\":{\"names[first_name]\":{\"required\":{\"value\":true,\"message\":\"Ce champ est requis\",\"global\":false,\"global_message\":\"Ce champ est obligatoire\"}},\"names[middle_name]\":{\"required\":{\"value\":false,\"message\":\"This field is required\",\"global\":false,\"global_message\":\"Ce champ est obligatoire\"}},\"names[last_name]\":{\"required\":{\"value\":true,\"message\":\"Ce champ est requis\",\"global\":false,\"global_message\":\"Ce champ est obligatoire\"}},\"email\":{\"required\":{\"value\":true,\"message\":\"Ce champ est requis\",\"global\":false,\"global_message\":\"Ce champ est obligatoire\"},\"email\":{\"value\":true,\"message\":\"Ce champ doit contenir une adresse courriel valide\",\"global\":false,\"global_message\":\"Ce champ doit contenir un e-mail valide\"}},\"datetime\":{\"required\":{\"value\":true,\"message\":\"Ce champ est requis\",\"global\":false,\"global_message\":\"Ce champ est obligatoire\"}},\"checkbox\":{\"required\":{\"value\":true,\"message\":\"Ce champ est requis\",\"global\":false,\"global_message\":\"Ce champ est obligatoire\"}},\"checkbox_1\":{\"required\":{\"value\":true,\"message\":\"Ce champ est requis\",\"global\":false,\"global_message\":\"Ce champ est obligatoire\"}},\"description\":{\"required\":{\"value\":true,\"message\":\"Ce champ est requis\",\"global\":false,\"global_message\":\"Ce champ est obligatoire\"}},\"description_1\":{\"required\":{\"value\":true,\"message\":\"Ce champ est requis\",\"global\":false,\"global_message\":\"Ce champ est obligatoire\"}},\"checkbox_2\":{\"required\":{\"value\":true,\"message\":\"Ce champ est requis\",\"global\":false,\"global_message\":\"Ce champ est obligatoire\"}},\"g-recaptcha-response\":[]}};\n                    <\/script>\n        \n\n","protected":false},"excerpt":{"rendered":"","protected":false},"author":1,"featured_media":0,"parent":0,"menu_order":0,"comment_status":"closed","ping_status":"closed","template":"","meta":{"_acf_changed":false,"_seopress_robots_primary_cat":"","_seopress_titles_title":"Politiques de confidentialit\u00e9 | Oranje","_seopress_titles_desc":"","_seopress_robots_index":"yes","content-type":"","footnotes":""},"class_list":["post-2000","page","type-page","status-publish","hentry"],"acf":[],"_links":{"self":[{"href":"https:\/\/oranje.io\/en\/wp-json\/wp\/v2\/pages\/2000","targetHints":{"allow":["GET"]}}],"collection":[{"href":"https:\/\/oranje.io\/en\/wp-json\/wp\/v2\/pages"}],"about":[{"href":"https:\/\/oranje.io\/en\/wp-json\/wp\/v2\/types\/page"}],"author":[{"embeddable":true,"href":"https:\/\/oranje.io\/en\/wp-json\/wp\/v2\/users\/1"}],"replies":[{"embeddable":true,"href":"https:\/\/oranje.io\/en\/wp-json\/wp\/v2\/comments?post=2000"}],"version-history":[{"count":1,"href":"https:\/\/oranje.io\/en\/wp-json\/wp\/v2\/pages\/2000\/revisions"}],"predecessor-version":[{"id":2002,"href":"https:\/\/oranje.io\/en\/wp-json\/wp\/v2\/pages\/2000\/revisions\/2002"}],"wp:attachment":[{"href":"https:\/\/oranje.io\/en\/wp-json\/wp\/v2\/media?parent=2000"}],"curies":[{"name":"wp","href":"https:\/\/api.w.org\/{rel}","templated":true}]}}